{"id":510,"date":"2026-03-02T17:37:30","date_gmt":"2026-03-02T16:37:30","guid":{"rendered":"https:\/\/humanmarketing.es\/index.php\/conferencias\/"},"modified":"2026-03-20T09:53:05","modified_gmt":"2026-03-20T08:53:05","slug":"conferencias","status":"publish","type":"page","link":"https:\/\/humanmarketing.es\/index.php\/conferencias\/","title":{"rendered":"Conferencias"},"content":{"rendered":"\n[et_pb_section fb_built=&#8221;1&#8243; _builder_version=&#8221;4.24.0&#8243; _module_preset=&#8221;default&#8221; global_colors_info=&#8221;{}&#8221;][et_pb_row _builder_version=&#8221;4.24.0&#8243; _module_preset=&#8221;default&#8221; global_colors_info=&#8221;{}&#8221;][et_pb_column type=&#8221;4_4&#8243; _builder_version=&#8221;4.24.0&#8243; _module_preset=&#8221;default&#8221; global_colors_info=&#8221;{}&#8221;][et_pb_heading title=&#8221;Conferencias y formaciones sobre marketing, tecnolog\u00eda, investigaci\u00f3n de mercados y estrategia basada en datos&#8221; _builder_version=&#8221;4.24.0&#8243; _module_preset=&#8221;default&#8221; global_colors_info=&#8221;{}&#8221;][\/et_pb_heading][\/et_pb_column][\/et_pb_row][et_pb_row _builder_version=&#8221;4.24.0&#8243; _module_preset=&#8221;default&#8221; global_colors_info=&#8221;{}&#8221;][et_pb_column type=&#8221;4_4&#8243; _builder_version=&#8221;4.24.0&#8243; _module_preset=&#8221;default&#8221; global_colors_info=&#8221;{}&#8221;][et_pb_text _builder_version=&#8221;4.24.0&#8243; _module_preset=&#8221;default&#8221; global_colors_info=&#8221;{}&#8221;]<p>Participo en eventos, conferencias y sesiones internas\/externas de empresas compartiendo c\u00f3mo utilizar datos, marketing y tecnolog\u00eda para tomar mejores decisiones estrat\u00e9gicas.<\/p>[\/et_pb_text][\/et_pb_column][\/et_pb_row][et_pb_row _builder_version=&#8221;4.24.0&#8243; _module_preset=&#8221;default&#8221; global_colors_info=&#8221;{}&#8221;][et_pb_column type=&#8221;4_4&#8243; _builder_version=&#8221;4.24.0&#8243; _module_preset=&#8221;default&#8221; global_colors_info=&#8221;{}&#8221;][et_pb_button button_text=&#8221;Contactar para una conferencia&#8221; _builder_version=&#8221;4.24.0&#8243; _module_preset=&#8221;default&#8221; hover_enabled=&#8221;0&#8243; global_colors_info=&#8221;{}&#8221; button_url=&#8221;https:\/\/humanmarketing.es\/index.php\/quien-soy\/&#8221; sticky_enabled=&#8221;0&#8243;][\/et_pb_button][\/et_pb_column][\/et_pb_row][\/et_pb_section][et_pb_section fb_built=&#8221;1&#8243; _builder_version=&#8221;4.24.0&#8243; _module_preset=&#8221;default&#8221; global_colors_info=&#8221;{}&#8221;][et_pb_row _builder_version=&#8221;4.24.0&#8243; _module_preset=&#8221;default&#8221; global_colors_info=&#8221;{}&#8221;][et_pb_column type=&#8221;4_4&#8243; _builder_version=&#8221;4.24.0&#8243; _module_preset=&#8221;default&#8221; global_colors_info=&#8221;{}&#8221;][et_pb_heading title=&#8221;Temas de conferencias y formaciones&#8221; _builder_version=&#8221;4.24.0&#8243; _module_preset=&#8221;default&#8221; global_colors_info=&#8221;{}&#8221;][\/et_pb_heading][\/et_pb_column][\/et_pb_row][\/et_pb_section][et_pb_section fb_built=&#8221;1&#8243; _builder_version=&#8221;4.24.0&#8243; _module_preset=&#8221;default&#8221; global_colors_info=&#8221;{}&#8221;][et_pb_row column_structure=&#8221;1_3,1_3,1_3&#8243; _builder_version=&#8221;4.24.0&#8243; _module_preset=&#8221;default&#8221; global_colors_info=&#8221;{}&#8221;][et_pb_column type=&#8221;1_3&#8243; _builder_version=&#8221;4.24.0&#8243; _module_preset=&#8221;default&#8221; global_colors_info=&#8221;{}&#8221;][et_pb_blurb title=&#8221;Marketing basado en datos&#8221; use_icon=&#8221;on&#8221; font_icon=&#8221;&#xf080;||fa||900&#8243; _builder_version=&#8221;4.24.0&#8243; _module_preset=&#8221;default&#8221; global_colors_info=&#8221;{}&#8221;]<p>C\u00f3mo utilizar investigaci\u00f3n y anal\u00edtica para tomar decisiones con evidencia.<\/p>[\/et_pb_blurb][\/et_pb_column][et_pb_column type=&#8221;1_3&#8243; _builder_version=&#8221;4.24.0&#8243; _module_preset=&#8221;default&#8221; global_colors_info=&#8221;{}&#8221;][et_pb_blurb title=&#8221;Investigaci\u00f3n de mercados aplicada&#8221; use_icon=&#8221;on&#8221; font_icon=&#8221;&#x55;||divi||400&#8243; _builder_version=&#8221;4.24.0&#8243; _module_preset=&#8221;default&#8221; global_colors_info=&#8221;{}&#8221;]<p>C\u00f3mo validar decisiones estrat\u00e9gicas antes de invertir.<\/p>[\/et_pb_blurb][\/et_pb_column][et_pb_column type=&#8221;1_3&#8243; _builder_version=&#8221;4.24.0&#8243; _module_preset=&#8221;default&#8221; global_colors_info=&#8221;{}&#8221;][et_pb_blurb title=&#8221;Estrategia y tecnolog\u00eda&#8221; use_icon=&#8221;on&#8221; font_icon=&#8221;&#xf135;||fa||900&#8243; _builder_version=&#8221;4.24.0&#8243; _module_preset=&#8221;default&#8221; global_colors_info=&#8221;{}&#8221;]<p>C\u00f3mo alinear marketing, datos y negocio para crecer con foco.<\/p>[\/et_pb_blurb][\/et_pb_column][\/et_pb_row][\/et_pb_section][et_pb_section fb_built=&#8221;1&#8243; _builder_version=&#8221;4.24.0&#8243; _module_preset=&#8221;default&#8221; global_colors_info=&#8221;{}&#8221;][et_pb_row _builder_version=&#8221;4.24.0&#8243; _module_preset=&#8221;default&#8221; global_colors_info=&#8221;{}&#8221;][et_pb_column type=&#8221;4_4&#8243; _builder_version=&#8221;4.24.0&#8243; _module_preset=&#8221;default&#8221; global_colors_info=&#8221;{}&#8221;][et_pb_heading title=&#8221;Galer\u00eda de conferencias \/ eventos&#8221; _builder_version=&#8221;4.24.0&#8243; _module_preset=&#8221;default&#8221; global_colors_info=&#8221;{}&#8221;][\/et_pb_heading][\/et_pb_column][\/et_pb_row][\/et_pb_section][et_pb_section fb_built=&#8221;1&#8243; _builder_version=&#8221;4.24.0&#8243; _module_preset=&#8221;default&#8221; global_colors_info=&#8221;{}&#8221;][et_pb_row column_structure=&#8221;2_5,3_5&#8243; _builder_version=&#8221;4.24.0&#8243; _module_preset=&#8221;default&#8221; global_colors_info=&#8221;{}&#8221;][et_pb_column type=&#8221;2_5&#8243; _builder_version=&#8221;4.24.0&#8243; _module_preset=&#8221;default&#8221; global_colors_info=&#8221;{}&#8221;][et_pb_image src=&#8221;https:\/\/humanmarketing.es\/wp-content\/uploads\/2026\/03\/Fernando-Carrion-Evento-AGCO-2026.jpg&#8221; title_text=&#8221;Fernando Carri\u00f3n Evento AGCO 2026&#8243; _builder_version=&#8221;4.24.0&#8243; _module_preset=&#8221;default&#8221; global_colors_info=&#8221;{}&#8221;][\/et_pb_image][\/et_pb_column][et_pb_column type=&#8221;3_5&#8243; _builder_version=&#8221;4.24.0&#8243; _module_preset=&#8221;default&#8221; global_colors_info=&#8221;{}&#8221;][et_pb_text _builder_version=&#8221;4.24.0&#8243; _module_preset=&#8221;default&#8221; global_colors_info=&#8221;{}&#8221;]<p data-start=\"151\" data-end=\"204\"><strong data-start=\"151\" data-end=\"204\">La IA como copiloto digital en el sector agr\u00edcola<\/strong><\/p>\n<p data-start=\"206\" data-end=\"471\">Charla sobre c\u00f3mo la Inteligencia Artificial est\u00e1 transformando el sector agr\u00edcola, ayudando a concesionarios y distribuidores a mejorar la eficiencia operativa, anticipar el mantenimiento de maquinaria y liberar tiempo para centrarse en la relaci\u00f3n con el cliente.<\/p>\n<p data-start=\"473\" data-end=\"563\"><strong data-start=\"473\" data-end=\"484\">Evento:<\/strong> AGCO Corporation Iberia \u2013 Evento Anual de Concesionarios<br data-start=\"541\" data-end=\"544\" \/><strong data-start=\"544\" data-end=\"554\">Lugar:<\/strong> Valencia<\/p>[\/et_pb_text][\/et_pb_column][\/et_pb_row][\/et_pb_section][et_pb_section fb_built=&#8221;1&#8243; _builder_version=&#8221;4.24.0&#8243; _module_preset=&#8221;default&#8221; global_colors_info=&#8221;{}&#8221;][et_pb_row column_structure=&#8221;2_5,3_5&#8243; _builder_version=&#8221;4.24.0&#8243; _module_preset=&#8221;default&#8221; global_colors_info=&#8221;{}&#8221;][et_pb_column type=&#8221;2_5&#8243; _builder_version=&#8221;4.24.0&#8243; _module_preset=&#8221;default&#8221; global_colors_info=&#8221;{}&#8221;][et_pb_image src=&#8221;https:\/\/humanmarketing.es\/wp-content\/uploads\/2026\/03\/Mesa-Redonda-The-Kollective.jpg&#8221; title_text=&#8221;Mesa Redonda The Kollective&#8221; _builder_version=&#8221;4.24.0&#8243; _module_preset=&#8221;default&#8221; global_colors_info=&#8221;{}&#8221;][\/et_pb_image][\/et_pb_column][et_pb_column type=&#8221;3_5&#8243; _builder_version=&#8221;4.24.0&#8243; _module_preset=&#8221;default&#8221; global_colors_info=&#8221;{}&#8221;][et_pb_text _builder_version=&#8221;4.24.0&#8243; _module_preset=&#8221;default&#8221; global_colors_info=&#8221;{}&#8221;]<p data-start=\"129\" data-end=\"178\"><strong data-start=\"129\" data-end=\"178\">Medir o morir: el ROI real de los eventos B2B<\/strong><\/p>\n<p data-start=\"180\" data-end=\"499\">Mesa redonda sobre c\u00f3mo medir el impacto real de los eventos B2B y dejar atr\u00e1s las m\u00e9tricas de vanidad. Durante la sesi\u00f3n se debati\u00f3 sobre la importancia de definir objetivos claros, conectar marketing y ventas mediante datos trazables y evaluar el retorno real de los eventos m\u00e1s all\u00e1 de la experiencia o los aplausos.<\/p>\n<p data-start=\"501\" data-end=\"628\"><strong data-start=\"501\" data-end=\"512\">Evento:<\/strong> Mesa redonda \u201cMide o Muere\u201d \u2013 The Kollective<br data-start=\"557\" data-end=\"560\" \/><strong data-start=\"560\" data-end=\"572\">Formato:<\/strong> Moderador de panel sobre anal\u00edtica y ROI en eventos B2B<\/p>[\/et_pb_text][\/et_pb_column][\/et_pb_row][\/et_pb_section][et_pb_section fb_built=&#8221;1&#8243; _builder_version=&#8221;4.24.0&#8243; _module_preset=&#8221;default&#8221; global_colors_info=&#8221;{}&#8221;][et_pb_row column_structure=&#8221;2_5,3_5&#8243; _builder_version=&#8221;4.24.0&#8243; _module_preset=&#8221;default&#8221; global_colors_info=&#8221;{}&#8221;][et_pb_column type=&#8221;2_5&#8243; _builder_version=&#8221;4.24.0&#8243; _module_preset=&#8221;default&#8221; global_colors_info=&#8221;{}&#8221;][et_pb_image src=&#8221;https:\/\/humanmarketing.es\/wp-content\/uploads\/2026\/03\/@AEDEMO.jpg&#8221; title_text=&#8221;@AEDEMO&#8221; _builder_version=&#8221;4.24.0&#8243; _module_preset=&#8221;default&#8221; transform_scale=&#8221;70%|70%&#8221; transform_translate=&#8221;-2px|-228px&#8221; global_colors_info=&#8221;{}&#8221;][\/et_pb_image][\/et_pb_column][et_pb_column type=&#8221;3_5&#8243; _builder_version=&#8221;4.24.0&#8243; _module_preset=&#8221;default&#8221; global_colors_info=&#8221;{}&#8221;][et_pb_text _builder_version=&#8221;4.24.0&#8243; _module_preset=&#8221;default&#8221; global_colors_info=&#8221;{}&#8221;]<p data-start=\"147\" data-end=\"215\"><strong data-start=\"147\" data-end=\"215\">IA y datos sint\u00e9ticos: el futuro de la investigaci\u00f3n de mercados<\/strong><\/p>\n<p data-start=\"217\" data-end=\"449\">Evento del que soy organizador desde hace m\u00e1s de 10 a\u00f1os dentro de la comunidad <strong data-start=\"297\" data-end=\"328\">Insights + Analytics Espa\u00f1a<\/strong>, centrado en debatir el papel real de la inteligencia artificial y los datos sint\u00e9ticos en la investigaci\u00f3n de mercados.<\/p>\n<p data-start=\"451\" data-end=\"656\">Durante la sesi\u00f3n moder\u00e9 un bloque de ponencias donde se analizaron casos reales, aplicaciones actuales de la IA en research y los l\u00edmites que a\u00fan existen frente a la comprensi\u00f3n humana del comportamiento.<\/p>\n<p data-start=\"658\" data-end=\"781\"><strong data-start=\"658\" data-end=\"669\">Evento:<\/strong> Insights + Analytics Espa\u00f1a<br data-start=\"697\" data-end=\"700\" \/><strong data-start=\"700\" data-end=\"709\">Tema:<\/strong> Inteligencia artificial y datos sint\u00e9ticos en investigaci\u00f3n de mercados<\/p>[\/et_pb_text][\/et_pb_column][\/et_pb_row][\/et_pb_section][et_pb_section fb_built=&#8221;1&#8243; _builder_version=&#8221;4.24.0&#8243; _module_preset=&#8221;default&#8221; global_colors_info=&#8221;{}&#8221;][et_pb_row column_structure=&#8221;2_5,3_5&#8243; _builder_version=&#8221;4.24.0&#8243; _module_preset=&#8221;default&#8221; global_colors_info=&#8221;{}&#8221;][et_pb_column type=&#8221;2_5&#8243; _builder_version=&#8221;4.24.0&#8243; _module_preset=&#8221;default&#8221; global_colors_info=&#8221;{}&#8221;][et_pb_image src=&#8221;https:\/\/humanmarketing.es\/wp-content\/uploads\/2026\/03\/Emarsys.jpg&#8221; title_text=&#8221;Emarsys&#8221; _builder_version=&#8221;4.24.0&#8243; _module_preset=&#8221;default&#8221; global_colors_info=&#8221;{}&#8221;][\/et_pb_image][\/et_pb_column][et_pb_column type=&#8221;3_5&#8243; _builder_version=&#8221;4.24.0&#8243; _module_preset=&#8221;default&#8221; global_colors_info=&#8221;{}&#8221;][et_pb_text _builder_version=&#8221;4.24.0&#8243; _module_preset=&#8221;default&#8221; global_colors_info=&#8221;{}&#8221;]<p data-start=\"175\" data-end=\"233\"><strong data-start=\"175\" data-end=\"233\">Marketing Automation y personalizaci\u00f3n con SAP Emarsys<\/strong><\/p>\n<p data-start=\"235\" data-end=\"535\">Sesi\u00f3n sobre c\u00f3mo las plataformas de marketing automation permiten mejorar la conversi\u00f3n de campa\u00f1as y construir relaciones m\u00e1s personalizadas con clientes y audiencias. Durante el evento analizamos el papel de la tecnolog\u00eda en la activaci\u00f3n de datos y en la optimizaci\u00f3n de estrategias de marketing.<\/p>\n<p data-start=\"537\" data-end=\"652\"><strong data-start=\"537\" data-end=\"548\">Evento:<\/strong> Jornada SAP Emarsys \u2013 hiberus &amp; SAP<br data-start=\"584\" data-end=\"587\" \/><strong data-start=\"587\" data-end=\"596\">Tema:<\/strong> Marketing automation y tecnolog\u00eda aplicada al marketing<\/p>[\/et_pb_text][\/et_pb_column][\/et_pb_row][\/et_pb_section][et_pb_section fb_built=&#8221;1&#8243; _builder_version=&#8221;4.24.0&#8243; _module_preset=&#8221;default&#8221; global_colors_info=&#8221;{}&#8221;][et_pb_row column_structure=&#8221;2_5,3_5&#8243; _builder_version=&#8221;4.24.0&#8243; _module_preset=&#8221;default&#8221; global_colors_info=&#8221;{}&#8221;][et_pb_column type=&#8221;2_5&#8243; _builder_version=&#8221;4.24.0&#8243; _module_preset=&#8221;default&#8221; global_colors_info=&#8221;{}&#8221;][et_pb_image src=&#8221;https:\/\/humanmarketing.es\/wp-content\/uploads\/2026\/03\/Programmatic-Spain.jpg&#8221; title_text=&#8221;Programmatic Spain&#8221; _builder_version=&#8221;4.24.0&#8243; _module_preset=&#8221;default&#8221; global_colors_info=&#8221;{}&#8221;][\/et_pb_image][\/et_pb_column][et_pb_column type=&#8221;3_5&#8243; _builder_version=&#8221;4.24.0&#8243; _module_preset=&#8221;default&#8221; global_colors_info=&#8221;{}&#8221;][et_pb_text _builder_version=&#8221;4.24.0&#8243; _module_preset=&#8221;default&#8221; global_colors_info=&#8221;{}&#8221;]<p data-start=\"176\" data-end=\"247\"><strong data-start=\"176\" data-end=\"247\">El futuro de la medici\u00f3n de audiencias en un entorno cross-platform<\/strong><\/p>\n<p data-start=\"249\" data-end=\"596\">Mesa redonda sobre los nuevos retos de la medici\u00f3n de audiencias en el ecosistema audiovisual, abordando avances en medici\u00f3n cross-platform, calidad del dato y modelos de <em data-start=\"420\" data-end=\"435\">single source<\/em>. Durante la sesi\u00f3n se debati\u00f3 c\u00f3mo mejorar la integraci\u00f3n de datos y conectar la medici\u00f3n con la activaci\u00f3n publicitaria en un entorno cada vez m\u00e1s fragmentado.<\/p>\n<p data-start=\"598\" data-end=\"698\"><strong data-start=\"598\" data-end=\"609\">Evento:<\/strong> Programmatic Spain<br data-start=\"628\" data-end=\"631\" \/><strong data-start=\"631\" data-end=\"643\">Formato:<\/strong> Moderador de mesa redonda sobre medici\u00f3n de audiencias<\/p>[\/et_pb_text][\/et_pb_column][\/et_pb_row][\/et_pb_section]\n","protected":false},"excerpt":{"rendered":"<p>Participo en eventos, conferencias y sesiones internas\/externas de empresas compartiendo c\u00f3mo utilizar datos, marketing y tecnolog\u00eda para tomar mejores decisiones estrat\u00e9gicas.C\u00f3mo utilizar investigaci\u00f3n y anal\u00edtica para tomar decisiones con evidencia.C\u00f3mo validar decisiones estrat\u00e9gicas antes de invertir.C\u00f3mo alinear marketing, datos y negocio para crecer con foco.La IA como copiloto digital en el sector agr\u00edcola Charla sobre [&hellip;]<\/p>\n","protected":false},"author":1,"featured_media":0,"parent":0,"menu_order":0,"comment_status":"closed","ping_status":"closed","template":"","meta":{"_et_pb_use_builder":"on","_et_pb_old_content":"","_et_gb_content_width":"","footnotes":""},"class_list":["post-510","page","type-page","status-publish","hentry"],"yoast_head":"<!-- This site is optimized with the Yoast SEO plugin v27.1.1 - https:\/\/yoast.com\/product\/yoast-seo-wordpress\/ -->\n<title>Conferencias de marketing y datos | Fernando Carri\u00f3n<\/title>\n<meta name=\"description\" content=\"Conferencias y formaciones sobre marketing, datos, IA e investigaci\u00f3n de mercados con Fernando Carri\u00f3n para empresas y eventos \ud83d\ude80\" \/>\n<meta name=\"robots\" content=\"index, follow, max-snippet:-1, max-image-preview:large, max-video-preview:-1\" \/>\n<link rel=\"canonical\" href=\"https:\/\/humanmarketing.es\/index.php\/conferencias\/\" \/>\n<meta property=\"og:locale\" content=\"en_US\" \/>\n<meta property=\"og:type\" content=\"article\" \/>\n<meta property=\"og:title\" content=\"Conferencias de marketing y datos | Fernando Carri\u00f3n\" \/>\n<meta property=\"og:description\" content=\"Conferencias y formaciones sobre marketing, datos, IA e investigaci\u00f3n de mercados con Fernando Carri\u00f3n para empresas y eventos \ud83d\ude80\" \/>\n<meta property=\"og:url\" content=\"https:\/\/humanmarketing.es\/index.php\/conferencias\/\" \/>\n<meta property=\"og:site_name\" content=\"Human Marketing\" \/>\n<meta property=\"article:modified_time\" content=\"2026-03-20T08:53:05+00:00\" \/>\n<meta name=\"twitter:card\" content=\"summary_large_image\" \/>\n<meta name=\"twitter:label1\" content=\"Est. reading time\" \/>\n\t<meta name=\"twitter:data1\" content=\"4 minutes\" \/>\n<script type=\"application\/ld+json\" class=\"yoast-schema-graph\">{\"@context\":\"https:\/\/schema.org\",\"@graph\":[{\"@type\":\"WebPage\",\"@id\":\"https:\/\/humanmarketing.es\/index.php\/conferencias\/\",\"url\":\"https:\/\/humanmarketing.es\/index.php\/conferencias\/\",\"name\":\"Conferencias de marketing y datos | Fernando Carri\u00f3n\",\"isPartOf\":{\"@id\":\"https:\/\/humanmarketing.es\/#website\"},\"datePublished\":\"2026-03-02T16:37:30+00:00\",\"dateModified\":\"2026-03-20T08:53:05+00:00\",\"description\":\"Conferencias y formaciones sobre marketing, datos, IA e investigaci\u00f3n de mercados con Fernando Carri\u00f3n para empresas y eventos \ud83d\ude80\",\"breadcrumb\":{\"@id\":\"https:\/\/humanmarketing.es\/index.php\/conferencias\/#breadcrumb\"},\"inLanguage\":\"en-US\",\"potentialAction\":[{\"@type\":\"ReadAction\",\"target\":[\"https:\/\/humanmarketing.es\/index.php\/conferencias\/\"]}]},{\"@type\":\"BreadcrumbList\",\"@id\":\"https:\/\/humanmarketing.es\/index.php\/conferencias\/#breadcrumb\",\"itemListElement\":[{\"@type\":\"ListItem\",\"position\":1,\"name\":\"Portada\",\"item\":\"https:\/\/humanmarketing.es\/\"},{\"@type\":\"ListItem\",\"position\":2,\"name\":\"Conferencias\"}]},{\"@type\":\"WebSite\",\"@id\":\"https:\/\/humanmarketing.es\/#website\",\"url\":\"https:\/\/humanmarketing.es\/\",\"name\":\"Human Marketing\",\"description\":\"Creando conexiones Escucha, analiza, act\u00faa.\",\"potentialAction\":[{\"@type\":\"SearchAction\",\"target\":{\"@type\":\"EntryPoint\",\"urlTemplate\":\"https:\/\/humanmarketing.es\/?s={search_term_string}\"},\"query-input\":{\"@type\":\"PropertyValueSpecification\",\"valueRequired\":true,\"valueName\":\"search_term_string\"}}],\"inLanguage\":\"en-US\"}]}<\/script>\n<!-- \/ Yoast SEO plugin. -->","yoast_head_json":{"title":"Conferencias de marketing y datos | Fernando Carri\u00f3n","description":"Conferencias y formaciones sobre marketing, datos, IA e investigaci\u00f3n de mercados con Fernando Carri\u00f3n para empresas y eventos \ud83d\ude80","robots":{"index":"index","follow":"follow","max-snippet":"max-snippet:-1","max-image-preview":"max-image-preview:large","max-video-preview":"max-video-preview:-1"},"canonical":"https:\/\/humanmarketing.es\/index.php\/conferencias\/","og_locale":"en_US","og_type":"article","og_title":"Conferencias de marketing y datos | Fernando Carri\u00f3n","og_description":"Conferencias y formaciones sobre marketing, datos, IA e investigaci\u00f3n de mercados con Fernando Carri\u00f3n para empresas y eventos \ud83d\ude80","og_url":"https:\/\/humanmarketing.es\/index.php\/conferencias\/","og_site_name":"Human Marketing","article_modified_time":"2026-03-20T08:53:05+00:00","twitter_card":"summary_large_image","twitter_misc":{"Est. reading time":"4 minutes"},"schema":{"@context":"https:\/\/schema.org","@graph":[{"@type":"WebPage","@id":"https:\/\/humanmarketing.es\/index.php\/conferencias\/","url":"https:\/\/humanmarketing.es\/index.php\/conferencias\/","name":"Conferencias de marketing y datos | Fernando Carri\u00f3n","isPartOf":{"@id":"https:\/\/humanmarketing.es\/#website"},"datePublished":"2026-03-02T16:37:30+00:00","dateModified":"2026-03-20T08:53:05+00:00","description":"Conferencias y formaciones sobre marketing, datos, IA e investigaci\u00f3n de mercados con Fernando Carri\u00f3n para empresas y eventos \ud83d\ude80","breadcrumb":{"@id":"https:\/\/humanmarketing.es\/index.php\/conferencias\/#breadcrumb"},"inLanguage":"en-US","potentialAction":[{"@type":"ReadAction","target":["https:\/\/humanmarketing.es\/index.php\/conferencias\/"]}]},{"@type":"BreadcrumbList","@id":"https:\/\/humanmarketing.es\/index.php\/conferencias\/#breadcrumb","itemListElement":[{"@type":"ListItem","position":1,"name":"Portada","item":"https:\/\/humanmarketing.es\/"},{"@type":"ListItem","position":2,"name":"Conferencias"}]},{"@type":"WebSite","@id":"https:\/\/humanmarketing.es\/#website","url":"https:\/\/humanmarketing.es\/","name":"Human Marketing","description":"Creando conexiones Escucha, analiza, act\u00faa.","potentialAction":[{"@type":"SearchAction","target":{"@type":"EntryPoint","urlTemplate":"https:\/\/humanmarketing.es\/?s={search_term_string}"},"query-input":{"@type":"PropertyValueSpecification","valueRequired":true,"valueName":"search_term_string"}}],"inLanguage":"en-US"}]}},"_links":{"self":[{"href":"https:\/\/humanmarketing.es\/index.php\/wp-json\/wp\/v2\/pages\/510","targetHints":{"allow":["GET"]}}],"collection":[{"href":"https:\/\/humanmarketing.es\/index.php\/wp-json\/wp\/v2\/pages"}],"about":[{"href":"https:\/\/humanmarketing.es\/index.php\/wp-json\/wp\/v2\/types\/page"}],"author":[{"embeddable":true,"href":"https:\/\/humanmarketing.es\/index.php\/wp-json\/wp\/v2\/users\/1"}],"replies":[{"embeddable":true,"href":"https:\/\/humanmarketing.es\/index.php\/wp-json\/wp\/v2\/comments?post=510"}],"version-history":[{"count":7,"href":"https:\/\/humanmarketing.es\/index.php\/wp-json\/wp\/v2\/pages\/510\/revisions"}],"predecessor-version":[{"id":695,"href":"https:\/\/humanmarketing.es\/index.php\/wp-json\/wp\/v2\/pages\/510\/revisions\/695"}],"wp:attachment":[{"href":"https:\/\/humanmarketing.es\/index.php\/wp-json\/wp\/v2\/media?parent=510"}],"curies":[{"name":"wp","href":"https:\/\/api.w.org\/{rel}","templated":true}]}}