{"id":508,"date":"2026-03-02T17:36:56","date_gmt":"2026-03-02T16:36:56","guid":{"rendered":"https:\/\/humanmarketing.es\/index.php\/servicios\/"},"modified":"2026-03-20T09:49:00","modified_gmt":"2026-03-20T08:49:00","slug":"servicios","status":"publish","type":"page","link":"https:\/\/humanmarketing.es\/index.php\/servicios\/","title":{"rendered":"Servicios"},"content":{"rendered":"\n[et_pb_section fb_built=&#8221;1&#8243; _builder_version=&#8221;4.24.0&#8243; _module_preset=&#8221;default&#8221; global_colors_info=&#8221;{}&#8221;][et_pb_row _builder_version=&#8221;4.24.0&#8243; _module_preset=&#8221;default&#8221; global_colors_info=&#8221;{}&#8221;][et_pb_column type=&#8221;4_4&#8243; _builder_version=&#8221;4.24.0&#8243; _module_preset=&#8221;default&#8221; global_colors_info=&#8221;{}&#8221;][et_pb_text _builder_version=&#8221;4.24.0&#8243; _module_preset=&#8221;default&#8221; global_colors_info=&#8221;{}&#8221;]<h2><span style=\"font-size: x-large;\">Servicios de consultor\u00eda estrat\u00e9gica en marketing, investigaci\u00f3n y datos<\/span><\/h2>\n<p data-start=\"751\" data-end=\"1013\"><span style=\"font-size: large;\">Trabajo como consultor independiente ayudando a empresas a tomar decisiones estrat\u00e9gicas mejor fundamentadas.<\/span><br data-start=\"860\" data-end=\"863\" \/><span style=\"font-size: large;\">Combino investigaci\u00f3n de mercados, estrategia de marketing y anal\u00edtica aplicada para reducir incertidumbre y convertir informaci\u00f3n en direcci\u00f3n clara.<\/span><\/p>\n<p data-start=\"1015\" data-end=\"1127\"><span style=\"font-size: large;\">No soy una agencia. No vendo ejecuci\u00f3n aislada. Trabajo en el punto donde los datos se convierten en decisiones.<\/span><\/p>[\/et_pb_text][\/et_pb_column][\/et_pb_row][et_pb_row column_structure=&#8221;1_2,1_2&#8243; _builder_version=&#8221;4.24.0&#8243; _module_preset=&#8221;default&#8221; background_color=&#8221;rgba(110,129,123,0.06)&#8221; global_colors_info=&#8221;{}&#8221;][et_pb_column type=&#8221;1_2&#8243; _builder_version=&#8221;4.24.0&#8243; _module_preset=&#8221;default&#8221; global_colors_info=&#8221;{}&#8221;][et_pb_text _builder_version=&#8221;4.24.0&#8243; _module_preset=&#8221;default&#8221; custom_padding=&#8221;|||13px||&#8221; global_colors_info=&#8221;{}&#8221;]<h2><span style=\"font-size: x-large;\"><strong>Un enfoque integral<\/strong><\/span><\/h2>\n<h4><span style=\"font-size: medium;\">Muchos proyectos se quedan a medio camino porque separan an\u00e1lisis y estrategia.<\/span><br data-start=\"1325\" data-end=\"1328\" \/><span style=\"font-size: medium;\">Yo trabajo en la intersecci\u00f3n:<\/span><\/h4>\n<ul data-start=\"1360\" data-end=\"1477\">\n<li data-start=\"1360\" data-end=\"1397\">\n<h4 data-start=\"1362\" data-end=\"1397\"><span style=\"font-size: medium;\">Investigaci\u00f3n orientada a decisi\u00f3n.<\/span><\/h4>\n<\/li>\n<li data-start=\"1398\" data-end=\"1431\">\n<h4 data-start=\"1400\" data-end=\"1431\"><span style=\"font-size: medium;\">Estrategia conectada a negocio.<\/span><\/h4>\n<\/li>\n<li data-start=\"1432\" data-end=\"1477\">\n<h4 data-start=\"1434\" data-end=\"1477\"><span style=\"font-size: medium;\">Anal\u00edtica que impacta en resultados reales.<\/span><\/h4>\n<\/li>\n<\/ul>\n<h4 data-start=\"1479\" data-end=\"1557\"><span style=\"font-size: medium;\">Dependiendo del momento de tu empresa, el punto de entrada puede ser distinto.<\/span><\/h4>[\/et_pb_text][\/et_pb_column][et_pb_column type=&#8221;1_2&#8243; _builder_version=&#8221;4.24.0&#8243; _module_preset=&#8221;default&#8221; global_colors_info=&#8221;{}&#8221;][et_pb_image src=&#8221;https:\/\/humanmarketing.es\/wp-content\/uploads\/2026\/03\/Enfoque-HumanMarketing-scaled.png&#8221; title_text=&#8221;Enfoque HumanMarketing&#8221; _builder_version=&#8221;4.24.0&#8243; _module_preset=&#8221;default&#8221; transform_scale_tablet=&#8221;&#8221; transform_scale_phone=&#8221;&#8221; transform_scale_last_edited=&#8221;on|desktop&#8221; transform_translate=&#8221;-33px|42px&#8221; transform_translate_tablet=&#8221;-33px|42px&#8221; transform_translate_phone=&#8221;2px|16px&#8221; transform_translate_last_edited=&#8221;on|desktop&#8221; transform_rotate_tablet=&#8221;&#8221; transform_rotate_phone=&#8221;&#8221; transform_rotate_last_edited=&#8221;on|desktop&#8221; transform_skew_tablet=&#8221;&#8221; transform_skew_phone=&#8221;&#8221; transform_skew_last_edited=&#8221;on|desktop&#8221; transform_origin_tablet=&#8221;&#8221; transform_origin_phone=&#8221;&#8221; transform_origin_last_edited=&#8221;on|desktop&#8221; transform_styles_last_edited=&#8221;on|desktop&#8221; transform_styles_tablet=&#8221;&#8221; transform_styles_phone=&#8221;&#8221; global_colors_info=&#8221;{}&#8221;][\/et_pb_image][\/et_pb_column][\/et_pb_row][\/et_pb_section][et_pb_section fb_built=&#8221;1&#8243; _builder_version=&#8221;4.24.0&#8243; _module_preset=&#8221;default&#8221; global_colors_info=&#8221;{}&#8221;][et_pb_row _builder_version=&#8221;4.24.0&#8243; _module_preset=&#8221;default&#8221; min_height=&#8221;96.6px&#8221; custom_margin=&#8221;|auto|-37px|auto||&#8221; custom_padding=&#8221;||0px|||&#8221; global_colors_info=&#8221;{}&#8221;][et_pb_column type=&#8221;4_4&#8243; _builder_version=&#8221;4.24.0&#8243; _module_preset=&#8221;default&#8221; global_colors_info=&#8221;{}&#8221;][et_pb_heading title=&#8221;Los 3 Servicios principales &#8221; _builder_version=&#8221;4.24.0&#8243; _module_preset=&#8221;default&#8221; background_color=&#8221;#f2f2f2&#8243; width=&#8221;97.3%&#8221; min_height=&#8221;59.6px&#8221; custom_padding=&#8221;|||10px||&#8221; global_colors_info=&#8221;{}&#8221;][\/et_pb_heading][\/et_pb_column][\/et_pb_row][\/et_pb_section][et_pb_section fb_built=&#8221;1&#8243; inner_shadow=&#8221;on&#8221; admin_label=&#8221;Servicios&#8221; _builder_version=&#8221;4.24.0&#8243; _module_preset=&#8221;default&#8221; global_colors_info=&#8221;{}&#8221;][et_pb_row column_structure=&#8221;1_3,1_3,1_3&#8243; _builder_version=&#8221;4.24.0&#8243; _module_preset=&#8221;default&#8221; module_alignment=&#8221;center&#8221; min_height=&#8221;554.6px&#8221; custom_margin=&#8221;2px|auto||-1px||&#8221; global_colors_info=&#8221;{}&#8221;][et_pb_column type=&#8221;1_3&#8243; _builder_version=&#8221;4.24.0&#8243; _module_preset=&#8221;default&#8221; global_colors_info=&#8221;{}&#8221;][et_pb_blurb title=&#8221;Cuando nescitas claridad antes de decidir&#8221; image=&#8221;https:\/\/humanmarketing.es\/wp-content\/uploads\/2026\/03\/Investigacion-1-scaled.png&#8221; _builder_version=&#8221;4.24.0&#8243; _module_preset=&#8221;default&#8221; custom_padding=&#8221;|15px||14px||&#8221; border_width_all=&#8221;6px&#8221; border_color_all=&#8221;#EAFFEB&#8221; global_colors_info=&#8221;{}&#8221;]<p data-start=\"1796\" data-end=\"2010\">\u00a0Trabajo para reducir riesgo antes de invertir.<\/p>\n<h2 data-start=\"2012\" data-end=\"2025\"><span style=\"font-size: medium;\">Ideal si:\u00a0<\/span><\/h2>\n<ul data-start=\"2027\" data-end=\"2194\" style=\"font-size: 18px;\">\n<li data-start=\"2027\" data-end=\"2054\" style=\"font-size: 18px;\">\n<p data-start=\"2029\" data-end=\"2054\" style=\"font-size: 18px;\">Vas a lanzar un producto.<\/p>\n<\/li>\n<li data-start=\"2055\" data-end=\"2098\" style=\"font-size: 18px;\">\n<p data-start=\"2057\" data-end=\"2098\" style=\"font-size: 18px;\">Necesitas validar una propuesta de valor.<\/p>\n<\/li>\n<li data-start=\"2099\" data-end=\"2149\" style=\"font-size: 18px;\">\n<p data-start=\"2101\" data-end=\"2149\" style=\"font-size: 18px;\">Est\u00e1s dudando entre varios caminos estrat\u00e9gicos.<\/p>\n<\/li>\n<li data-start=\"2150\" data-end=\"2194\" style=\"font-size: 18px;\">\n<p data-start=\"2152\" data-end=\"2194\" style=\"font-size: 18px;\">Quieres reposicionar marca con fundamento.<\/p>\n<\/li>\n<\/ul>[\/et_pb_blurb][\/et_pb_column][et_pb_column type=&#8221;1_3&#8243; _builder_version=&#8221;4.24.0&#8243; _module_preset=&#8221;default&#8221; global_colors_info=&#8221;{}&#8221;][et_pb_blurb title=&#8221;Cuando el marketing necesita foco, sistema y liderazgo&#8221; image=&#8221;https:\/\/humanmarketing.es\/wp-content\/uploads\/2026\/03\/Marketing-scaled.png&#8221; _builder_version=&#8221;4.24.0&#8243; _module_preset=&#8221;default&#8221; custom_padding=&#8221;|||12px||&#8221; border_width_all=&#8221;4px&#8221; border_color_all=&#8221;#EAFFEB&#8221; global_colors_info=&#8221;{}&#8221;]<p>Es direcci\u00f3n real sin necesidad de estructura fija.<\/p>\n<h2 data-start=\"2620\" data-end=\"2633\"><span style=\"font-size: medium;\">Ideal si:<\/span><\/h2>\n<ul data-start=\"2635\" data-end=\"2814\">\n<li data-start=\"2635\" data-end=\"2686\">\n<p data-start=\"2637\" data-end=\"2686\">Hac\u00e9is muchas acciones pero sin un sistema claro.<\/p>\n<\/li>\n<li data-start=\"2687\" data-end=\"2721\">\n<p data-start=\"2689\" data-end=\"2721\">El crecimiento no es predecible.<\/p>\n<\/li>\n<li data-start=\"2722\" data-end=\"2762\">\n<p data-start=\"2724\" data-end=\"2762\">Marketing y ventas no est\u00e1n alineados.<\/p>\n<\/li>\n<li data-start=\"2763\" data-end=\"2814\">\n<p data-start=\"2765\" data-end=\"2814\">Necesitas seniority sin contratar un CMO interno.<\/p>\n<\/li>\n<\/ul>[\/et_pb_blurb][\/et_pb_column][et_pb_column type=&#8221;1_3&#8243; _builder_version=&#8221;4.24.0&#8243; _module_preset=&#8221;default&#8221; global_colors_info=&#8221;{}&#8221;][et_pb_blurb title=&#8221;Cuando tienes datos pero falta claridad&#8221; image=&#8221;https:\/\/humanmarketing.es\/wp-content\/uploads\/2026\/03\/Datos-scaled.png&#8221; _builder_version=&#8221;4.24.0&#8243; _module_preset=&#8221;default&#8221; custom_padding=&#8221;|13px||12px||&#8221; border_width_all=&#8221;7px&#8221; border_color_all=&#8221;#EAFFEB&#8221; global_colors_info=&#8221;{}&#8221;]<p data-start=\"3121\" data-end=\"3177\">No se trata de dashboards bonitos. Se trata de criterio.<\/p>\n<h2 data-start=\"3179\" data-end=\"3192\"><span style=\"font-size: medium;\">Ideal si:<\/span><\/h2>\n<ul data-start=\"3194\" data-end=\"3354\">\n<li data-start=\"3194\" data-end=\"3218\">\n<p data-start=\"3196\" data-end=\"3218\">Nadie se f\u00eda del dato.<\/p>\n<\/li>\n<li data-start=\"3219\" data-end=\"3254\">\n<p data-start=\"3221\" data-end=\"3254\">Cada equipo mide cosas de manera distinta.<\/p>\n<\/li>\n<li data-start=\"3255\" data-end=\"3299\">\n<p data-start=\"3257\" data-end=\"3299\">Se invierte pero cuesta demostrar impacto.<\/p>\n<\/li>\n<li data-start=\"3300\" data-end=\"3354\">\n<p data-start=\"3302\" data-end=\"3354\">El reporting consume tiempo pero no aporta claridad.<\/p>\n<\/li>\n<\/ul>[\/et_pb_blurb][\/et_pb_column][\/et_pb_row][et_pb_row column_structure=&#8221;1_3,1_3,1_3&#8243; _builder_version=&#8221;4.24.0&#8243; _module_preset=&#8221;default&#8221; global_colors_info=&#8221;{}&#8221;][et_pb_column type=&#8221;1_3&#8243; _builder_version=&#8221;4.24.0&#8243; _module_preset=&#8221;default&#8221; global_colors_info=&#8221;{}&#8221;][et_pb_button button_text=&#8221;Ver servicio de Investigaci\u00f3n&#8221; _builder_version=&#8221;4.24.0&#8243; _module_preset=&#8221;default&#8221; hover_enabled=&#8221;0&#8243; global_colors_info=&#8221;{}&#8221; button_url=&#8221;https:\/\/humanmarketing.es\/index.php\/servicios\/investigacion-de-mercados-estrategica\/&#8221; sticky_enabled=&#8221;0&#8243;][\/et_pb_button][\/et_pb_column][et_pb_column type=&#8221;1_3&#8243; _builder_version=&#8221;4.24.0&#8243; _module_preset=&#8221;default&#8221; global_colors_info=&#8221;{}&#8221;][et_pb_button button_text=&#8221;Ver direcci\u00f3n de Marketing&#8221; _builder_version=&#8221;4.24.0&#8243; _module_preset=&#8221;default&#8221; hover_enabled=&#8221;0&#8243; global_colors_info=&#8221;{}&#8221; button_url=&#8221;https:\/\/humanmarketing.es\/index.php\/servicios\/consultor-de-marketing-estrategico-externo\/&#8221; sticky_enabled=&#8221;0&#8243;][\/et_pb_button][\/et_pb_column][et_pb_column type=&#8221;1_3&#8243; _builder_version=&#8221;4.24.0&#8243; _module_preset=&#8221;default&#8221; global_colors_info=&#8221;{}&#8221;][et_pb_button button_text=&#8221;Ver servicio de Data Analytics&#8221; _builder_version=&#8221;4.24.0&#8243; _module_preset=&#8221;default&#8221; hover_enabled=&#8221;0&#8243; global_colors_info=&#8221;{}&#8221; button_url=&#8221;https:\/\/humanmarketing.es\/index.php\/servicios\/estrategia-data-y-analitica-de-negocio\/&#8221; sticky_enabled=&#8221;0&#8243;][\/et_pb_button][\/et_pb_column][\/et_pb_row][et_pb_row column_structure=&#8221;1_2,1_2&#8243; _builder_version=&#8221;4.24.0&#8243; _module_preset=&#8221;default&#8221; custom_margin=&#8221;16px|auto||auto||&#8221; custom_padding=&#8221;|||8px||&#8221; global_colors_info=&#8221;{}&#8221;][et_pb_column type=&#8221;1_2&#8243; _builder_version=&#8221;4.24.0&#8243; _module_preset=&#8221;default&#8221; global_colors_info=&#8221;{}&#8221;][et_pb_heading title=&#8221;C\u00f3mo se conectan entre si&#8221; _builder_version=&#8221;4.24.0&#8243; _module_preset=&#8221;default&#8221; global_colors_info=&#8221;{}&#8221;][\/et_pb_heading][et_pb_text _builder_version=&#8221;4.24.0&#8243; _module_preset=&#8221;default&#8221; global_colors_info=&#8221;{}&#8221;]<h4>Servicios que se conectan seg\u00fan la necesidad<\/h4>\n<h4 data-start=\"3566\" data-end=\"3767\"><span style=\"font-size: medium;\">En muchos casos, un proyecto empieza como investigaci\u00f3n estrat\u00e9gica y evoluciona hacia direcci\u00f3n de marketing externa.<\/span><br data-start=\"3684\" data-end=\"3687\" \/><span style=\"font-size: medium;\">O una necesidad de orden en los datos desemboca en redefinir propuesta de valor.<\/span><\/h4>\n<h4 data-start=\"3769\" data-end=\"3869\"><span style=\"font-size: medium;\">No trabajo con compartimentos estancos. Trabajo con problemas reales que requieren visi\u00f3n integrada.<\/span><\/h4>[\/et_pb_text][\/et_pb_column][et_pb_column type=&#8221;1_2&#8243; _builder_version=&#8221;4.24.0&#8243; _module_preset=&#8221;default&#8221; global_colors_info=&#8221;{}&#8221;][et_pb_image src=&#8221;https:\/\/humanmarketing.es\/wp-content\/uploads\/2026\/03\/Enfoque-integral-1.png&#8221; title_text=&#8221;Enfoque integral&#8221; _builder_version=&#8221;4.24.0&#8243; _module_preset=&#8221;default&#8221; transform_scale=&#8221;102%|102%&#8221; transform_scale_tablet=&#8221;102%|102%&#8221; transform_scale_phone=&#8221;102%|102%&#8221; transform_scale_last_edited=&#8221;on|phone&#8221; transform_translate=&#8221;-27px|13px&#8221; transform_translate_tablet=&#8221;-30px|87px&#8221; transform_translate_phone=&#8221;-2px|27px&#8221; transform_translate_last_edited=&#8221;on|desktop&#8221; transform_rotate_tablet=&#8221;&#8221; transform_rotate_phone=&#8221;&#8221; transform_rotate_last_edited=&#8221;on|desktop&#8221; transform_skew_tablet=&#8221;&#8221; transform_skew_phone=&#8221;&#8221; transform_skew_last_edited=&#8221;on|desktop&#8221; transform_origin_tablet=&#8221;&#8221; transform_origin_phone=&#8221;&#8221; transform_origin_last_edited=&#8221;on|desktop&#8221; transform_styles_last_edited=&#8221;on|phone&#8221; transform_styles_tablet=&#8221;&#8221; transform_styles_phone=&#8221;&#8221; global_colors_info=&#8221;{}&#8221;][\/et_pb_image][\/et_pb_column][\/et_pb_row][\/et_pb_section][et_pb_section fb_built=&#8221;1&#8243; _builder_version=&#8221;4.24.0&#8243; _module_preset=&#8221;default&#8221; global_colors_info=&#8221;{}&#8221;][et_pb_row _builder_version=&#8221;4.24.0&#8243; _module_preset=&#8221;default&#8221; background_color=&#8221;rgba(201,201,201,0.16)&#8221; global_colors_info=&#8221;{}&#8221;][et_pb_column type=&#8221;4_4&#8243; _builder_version=&#8221;4.24.0&#8243; _module_preset=&#8221;default&#8221; global_colors_info=&#8221;{}&#8221;][et_pb_text _builder_version=&#8221;4.24.0&#8243; _module_preset=&#8221;default&#8221; width=&#8221;99.3%&#8221; custom_padding=&#8221;|||19px||&#8221; global_colors_info=&#8221;{}&#8221;]<h2><strong>Qu\u00e9 puedes esperar al trabajar conmigo<\/strong><\/h2>\n<p><span style=\"font-size: large;\">Qu\u00e9 puedes esperar de mi forma de trabajar<\/span><\/p>\n<ul data-start=\"3983\" data-end=\"4194\">\n<li data-start=\"3983\" data-end=\"4019\"><span style=\"font-size: large;\"> Diagn\u00f3stico claro antes de actuar. <\/span><\/li>\n<li data-start=\"4020\" data-end=\"4044\"><span style=\"font-size: large;\"> Priorizaci\u00f3n realista. <\/span><\/li>\n<li data-start=\"4045\" data-end=\"4075\"><span style=\"font-size: large;\"> Recomendaciones accionables. <\/span><\/li>\n<li data-start=\"4076\" data-end=\"4106\"><span style=\"font-size: large;\"> Enfoque orientado a negocio. <\/span><\/li>\n<li data-start=\"4107\" data-end=\"4140\"><span style=\"font-size: large;\"> Seniority en cada conversaci\u00f3n. <\/span><\/li>\n<li data-start=\"4141\" data-end=\"4194\"><span style=\"font-size: large;\"> Independencia total (no vendo ejecuci\u00f3n ni medios). <\/span><\/li>\n<\/ul>[\/et_pb_text][\/et_pb_column][\/et_pb_row][et_pb_row _builder_version=&#8221;4.24.0&#8243; _module_preset=&#8221;default&#8221; global_colors_info=&#8221;{}&#8221;][et_pb_column type=&#8221;4_4&#8243; _builder_version=&#8221;4.24.0&#8243; _module_preset=&#8221;default&#8221; global_colors_info=&#8221;{}&#8221;][et_pb_text _builder_version=&#8221;4.24.0&#8243; _module_preset=&#8221;default&#8221; global_colors_info=&#8221;{}&#8221;]<h2 data-start=\"4235\" data-end=\"4270\">\u00bfNo tienes claro por d\u00f3nde empezar?<\/h2>\n<p data-start=\"4272\" data-end=\"4426\">Si no sabes qu\u00e9 servicio encaja mejor, podemos hablar y lo vemos con calma.<br data-start=\"4347\" data-end=\"4350\" \/>Lo importante no es contratar \u201calgo\u201d, sino empezar por la decisi\u00f3n correcta.<\/p>[\/et_pb_text][\/et_pb_column][\/et_pb_row][et_pb_row _builder_version=&#8221;4.24.0&#8243; _module_preset=&#8221;default&#8221; global_colors_info=&#8221;{}&#8221;][et_pb_column type=&#8221;4_4&#8243; _builder_version=&#8221;4.24.0&#8243; _module_preset=&#8221;default&#8221; global_colors_info=&#8221;{}&#8221;][et_pb_button button_text=&#8221;Hablar sobre tu situaci\u00f3n&#8221; _builder_version=&#8221;4.24.0&#8243; _module_preset=&#8221;default&#8221; hover_enabled=&#8221;0&#8243; global_colors_info=&#8221;{}&#8221; button_url=&#8221;https:\/\/humanmarketing.es\/index.php\/quien-soy\/&#8221; sticky_enabled=&#8221;0&#8243;][\/et_pb_button][\/et_pb_column][\/et_pb_row][\/et_pb_section]\n","protected":false},"excerpt":{"rendered":"<p>Servicios de consultor\u00eda estrat\u00e9gica en marketing, investigaci\u00f3n y datos Trabajo como consultor independiente ayudando a empresas a tomar decisiones estrat\u00e9gicas mejor fundamentadas.Combino investigaci\u00f3n de mercados, estrategia de marketing y anal\u00edtica aplicada para reducir incertidumbre y convertir informaci\u00f3n en direcci\u00f3n clara. No soy una agencia. No vendo ejecuci\u00f3n aislada. Trabajo en el punto donde los datos [&hellip;]<\/p>\n","protected":false},"author":1,"featured_media":0,"parent":0,"menu_order":0,"comment_status":"closed","ping_status":"closed","template":"","meta":{"_et_pb_use_builder":"on","_et_pb_old_content":"","_et_gb_content_width":"","footnotes":""},"class_list":["post-508","page","type-page","status-publish","hentry"],"yoast_head":"<!-- This site is optimized with the Yoast SEO plugin v27.1.1 - https:\/\/yoast.com\/product\/yoast-seo-wordpress\/ -->\n<title>Servicios de marketing estrat\u00e9gico con datos \ud83d\udcca<\/title>\n<meta name=\"description\" content=\"Servicios de estrategia de marketing basados en datos e investigaci\u00f3n. Fernando Carri\u00f3n te ayuda a decidir con claridad \ud83d\ude80\" \/>\n<meta name=\"robots\" content=\"index, follow, max-snippet:-1, max-image-preview:large, max-video-preview:-1\" \/>\n<link rel=\"canonical\" href=\"https:\/\/humanmarketing.es\/index.php\/servicios\/\" \/>\n<meta property=\"og:locale\" content=\"en_US\" \/>\n<meta property=\"og:type\" content=\"article\" \/>\n<meta property=\"og:title\" content=\"Servicios de marketing estrat\u00e9gico con datos \ud83d\udcca\" \/>\n<meta property=\"og:description\" content=\"Servicios de estrategia de marketing basados en datos e investigaci\u00f3n. Fernando Carri\u00f3n te ayuda a decidir con claridad \ud83d\ude80\" \/>\n<meta property=\"og:url\" content=\"https:\/\/humanmarketing.es\/index.php\/servicios\/\" \/>\n<meta property=\"og:site_name\" content=\"Human Marketing\" \/>\n<meta property=\"article:modified_time\" content=\"2026-03-20T08:49:00+00:00\" \/>\n<meta name=\"twitter:card\" content=\"summary_large_image\" \/>\n<meta name=\"twitter:label1\" content=\"Est. reading time\" \/>\n\t<meta name=\"twitter:data1\" content=\"3 minutes\" \/>\n<script type=\"application\/ld+json\" class=\"yoast-schema-graph\">{\"@context\":\"https:\/\/schema.org\",\"@graph\":[{\"@type\":\"WebPage\",\"@id\":\"https:\/\/humanmarketing.es\/index.php\/servicios\/\",\"url\":\"https:\/\/humanmarketing.es\/index.php\/servicios\/\",\"name\":\"Servicios de marketing estrat\u00e9gico con datos \ud83d\udcca\",\"isPartOf\":{\"@id\":\"https:\/\/humanmarketing.es\/#website\"},\"datePublished\":\"2026-03-02T16:36:56+00:00\",\"dateModified\":\"2026-03-20T08:49:00+00:00\",\"description\":\"Servicios de estrategia de marketing basados en datos e investigaci\u00f3n. Fernando Carri\u00f3n te ayuda a decidir con claridad \ud83d\ude80\",\"breadcrumb\":{\"@id\":\"https:\/\/humanmarketing.es\/index.php\/servicios\/#breadcrumb\"},\"inLanguage\":\"en-US\",\"potentialAction\":[{\"@type\":\"ReadAction\",\"target\":[\"https:\/\/humanmarketing.es\/index.php\/servicios\/\"]}]},{\"@type\":\"BreadcrumbList\",\"@id\":\"https:\/\/humanmarketing.es\/index.php\/servicios\/#breadcrumb\",\"itemListElement\":[{\"@type\":\"ListItem\",\"position\":1,\"name\":\"Portada\",\"item\":\"https:\/\/humanmarketing.es\/\"},{\"@type\":\"ListItem\",\"position\":2,\"name\":\"Servicios\"}]},{\"@type\":\"WebSite\",\"@id\":\"https:\/\/humanmarketing.es\/#website\",\"url\":\"https:\/\/humanmarketing.es\/\",\"name\":\"Human Marketing\",\"description\":\"Creando conexiones Escucha, analiza, act\u00faa.\",\"potentialAction\":[{\"@type\":\"SearchAction\",\"target\":{\"@type\":\"EntryPoint\",\"urlTemplate\":\"https:\/\/humanmarketing.es\/?s={search_term_string}\"},\"query-input\":{\"@type\":\"PropertyValueSpecification\",\"valueRequired\":true,\"valueName\":\"search_term_string\"}}],\"inLanguage\":\"en-US\"}]}<\/script>\n<!-- \/ Yoast SEO plugin. -->","yoast_head_json":{"title":"Servicios de marketing estrat\u00e9gico con datos \ud83d\udcca","description":"Servicios de estrategia de marketing basados en datos e investigaci\u00f3n. Fernando Carri\u00f3n te ayuda a decidir con claridad \ud83d\ude80","robots":{"index":"index","follow":"follow","max-snippet":"max-snippet:-1","max-image-preview":"max-image-preview:large","max-video-preview":"max-video-preview:-1"},"canonical":"https:\/\/humanmarketing.es\/index.php\/servicios\/","og_locale":"en_US","og_type":"article","og_title":"Servicios de marketing estrat\u00e9gico con datos \ud83d\udcca","og_description":"Servicios de estrategia de marketing basados en datos e investigaci\u00f3n. Fernando Carri\u00f3n te ayuda a decidir con claridad \ud83d\ude80","og_url":"https:\/\/humanmarketing.es\/index.php\/servicios\/","og_site_name":"Human Marketing","article_modified_time":"2026-03-20T08:49:00+00:00","twitter_card":"summary_large_image","twitter_misc":{"Est. reading time":"3 minutes"},"schema":{"@context":"https:\/\/schema.org","@graph":[{"@type":"WebPage","@id":"https:\/\/humanmarketing.es\/index.php\/servicios\/","url":"https:\/\/humanmarketing.es\/index.php\/servicios\/","name":"Servicios de marketing estrat\u00e9gico con datos \ud83d\udcca","isPartOf":{"@id":"https:\/\/humanmarketing.es\/#website"},"datePublished":"2026-03-02T16:36:56+00:00","dateModified":"2026-03-20T08:49:00+00:00","description":"Servicios de estrategia de marketing basados en datos e investigaci\u00f3n. Fernando Carri\u00f3n te ayuda a decidir con claridad \ud83d\ude80","breadcrumb":{"@id":"https:\/\/humanmarketing.es\/index.php\/servicios\/#breadcrumb"},"inLanguage":"en-US","potentialAction":[{"@type":"ReadAction","target":["https:\/\/humanmarketing.es\/index.php\/servicios\/"]}]},{"@type":"BreadcrumbList","@id":"https:\/\/humanmarketing.es\/index.php\/servicios\/#breadcrumb","itemListElement":[{"@type":"ListItem","position":1,"name":"Portada","item":"https:\/\/humanmarketing.es\/"},{"@type":"ListItem","position":2,"name":"Servicios"}]},{"@type":"WebSite","@id":"https:\/\/humanmarketing.es\/#website","url":"https:\/\/humanmarketing.es\/","name":"Human Marketing","description":"Creando conexiones Escucha, analiza, act\u00faa.","potentialAction":[{"@type":"SearchAction","target":{"@type":"EntryPoint","urlTemplate":"https:\/\/humanmarketing.es\/?s={search_term_string}"},"query-input":{"@type":"PropertyValueSpecification","valueRequired":true,"valueName":"search_term_string"}}],"inLanguage":"en-US"}]}},"_links":{"self":[{"href":"https:\/\/humanmarketing.es\/index.php\/wp-json\/wp\/v2\/pages\/508","targetHints":{"allow":["GET"]}}],"collection":[{"href":"https:\/\/humanmarketing.es\/index.php\/wp-json\/wp\/v2\/pages"}],"about":[{"href":"https:\/\/humanmarketing.es\/index.php\/wp-json\/wp\/v2\/types\/page"}],"author":[{"embeddable":true,"href":"https:\/\/humanmarketing.es\/index.php\/wp-json\/wp\/v2\/users\/1"}],"replies":[{"embeddable":true,"href":"https:\/\/humanmarketing.es\/index.php\/wp-json\/wp\/v2\/comments?post=508"}],"version-history":[{"count":11,"href":"https:\/\/humanmarketing.es\/index.php\/wp-json\/wp\/v2\/pages\/508\/revisions"}],"predecessor-version":[{"id":691,"href":"https:\/\/humanmarketing.es\/index.php\/wp-json\/wp\/v2\/pages\/508\/revisions\/691"}],"wp:attachment":[{"href":"https:\/\/humanmarketing.es\/index.php\/wp-json\/wp\/v2\/media?parent=508"}],"curies":[{"name":"wp","href":"https:\/\/api.w.org\/{rel}","templated":true}]}}